{"id":111,"date":"2022-07-14T11:28:00","date_gmt":"2022-07-14T11:28:00","guid":{"rendered":"https:\/\/s2r.fr\/?page_id=111"},"modified":"2022-07-14T11:28:00","modified_gmt":"2022-07-14T11:28:00","slug":"politique-de-confidentialite","status":"publish","type":"page","link":"https:\/\/s2r.fr\/?page_id=111","title":{"rendered":"Politique de confidentialit\u00e9"},"content":{"rendered":"\n<p><strong>A. Introduction<\/strong><\/p>\n\n\n\n<ol class=\"wp-block-list\"><li>La confidentialit\u00e9 des visiteurs de notre site web est tr\u00e8s importante \u00e0 nos yeux, et nous nous engageons \u00e0 la prot\u00e9ger. Cette politique d\u00e9taille ce que nous faisons de vos informations personnelles.<\/li><li>Consentir \u00e0 notre utilisation de cookies en accord avec cette politique lors de votre premi\u00e8re visite de notre site web nous permet d\u2019utiliser des cookies \u00e0 chaque fois que vous consultez notre site.<\/li><\/ol>\n\n\n\n<p><strong>B. Source<\/strong><\/p>\n\n\n\n<p>Ce document a \u00e9t\u00e9 cr\u00e9\u00e9 gr\u00e2ce \u00e0 un mod\u00e8le de SEQ Legal (seqlegal.com).<\/p>\n\n\n\n<p><strong>C. Collecte d\u2019informations personnelles<\/strong><\/p>\n\n\n\n<p>Les types d\u2019informations personnelles suivants peuvent collect\u00e9s, stock\u00e9s et utilis\u00e9s :<\/p>\n\n\n\n<ol class=\"wp-block-list\"><li>Des informations \u00e0 propos de votre ordinateur, y compris votre adresse IP, votre localisation g\u00e9ographique, le type et la version de votre navigateur, et votre syst\u00e8me d\u2019exploitation ;<\/li><li>Des informations sur vos visites et votre utilisation de ce site web y compris la source r\u00e9f\u00e9rente, la dur\u00e9e de la visite, les pages vues, et les chemins de navigation de sites web ;<\/li><li>Des informations comme votre adresse e-mail, que vous nous fournissez lors de votre inscription au site ;<\/li><li>Des informations que vous saisissez quand vous cr\u00e9ez un profil sur notre site web comme votre nom, votre photo de profil, votre genre, votre date de naissance, votre situation amoureuse, vos int\u00e9r\u00eats et vos loisirs, votre parcours scolaire et votre parcours professionnel ;<\/li><li>Des informations comme votre nom et votre adresse e-mail, que vous saisissez pour souscrire \u00e0 nos e-mails et\/ou newsletters ;<\/li><li>Des informations que vous saisissez quand vous utilisez les services de notre site web ;<\/li><li>Des informations g\u00e9n\u00e9r\u00e9es lors de l\u2019utilisation de notre site, y compris quand, \u00e0 quelle fr\u00e9quence et sous quelles circonstances vous l\u2019utilisez ;<\/li><li>Des informations relatives aux achats que vous faites, aux services que vous utilisez ou aux transactions que vous effectuez sur notre site, qui incluent votre nom, adresse, num\u00e9ro de t\u00e9l\u00e9phone, adresse e-mail et informations bancaires ;<\/li><li>Des informations que vous publiez sur notre site web dans l\u2019intention de les publier sur internet, et qui incluent votre identifiant, vos photos de profil et le contenu de vos publications ;<\/li><li>Des informations contenues dans toutes les communications que vous nous envoyez par e-mail ou sur notre site web, y compris leurs contenus et leurs m\u00e9tadonn\u00e9es ;<\/li><li>Toute autre information personnelle que vous nous communiquez.<\/li><\/ol>\n\n\n\n<p>Avant de nous divulguer des informations personnelles concernant une autre personne, vous devez obtenir le consentement de ladite personne en ce qui concerne la divulgation et le traitement de ces informations personnelles selon les termes de cette politique<\/p>\n\n\n\n<p><strong>D. Utilisation de vos informations personnelles<\/strong><\/p>\n\n\n\n<p>Les informations personnelles qui nous sont fournies par le biais de notre site web seront utilis\u00e9es dans les objectifs d\u00e9crits dans cette politique ou dans les pages du site pertinentes. Nous pouvons utiliser vos informations personnelles pour:<\/p>\n\n\n\n<ol class=\"wp-block-list\"><li>Administrer notre site web et notre entreprise ;<\/li><li>Personnaliser notre site web pour vous ;<\/li><li>Permettre votre utilisation des services propos\u00e9s sur notre site web ;<\/li><li>Vous envoyer les marchandises achet\u00e9es sur notre site ;<\/li><li>Vous fournir les services achet\u00e9s sur notre site ;<\/li><li>Vous envoyer des relev\u00e9s, des factures et des rappels de paiement, et collecter vos paiements ;<\/li><li>Vous envoyer des communications commerciales non relatives au marketing ;<\/li><li>Vous envoyer des notifications par e-mail que vous avez express\u00e9ment demand\u00e9es ;<\/li><li>Vous envoyer notre newsletter par mail, si vous l\u2019avez demand\u00e9 (vous pouvez nous informer \u00e0 tout moment de votre volont\u00e9 de ne plus recevoir notre newsletter) ;<\/li><li>Vous envoyer des communications marketing relatives \u00e0 notre entreprise ou \u00e0 des entreprises tierces s\u00e9lectionn\u00e9es avec soin qui selon nous pourraient vous int\u00e9resser, sous forme de publication, ou si vous avez express\u00e9ment donn\u00e9 votre accord, par e-mail ou technologie similaire (vous pouvez nous informer \u00e0 tout moment de votre volont\u00e9 de ne plus recevoir de communications marketing) ;<\/li><li>Fournir des informations statistiques \u00e0 propos de nos utilisateurs \u00e0 des tierces parties (sans que ces tierces parties puissent identifier d\u2019utilisateur individuel avec ces informations) ;<\/li><li>Traiter les demandes et les r\u00e9clamations relatives \u00e0 votre site web effectu\u00e9es par vous ou vous concernant ;<\/li><li>Maintenir la s\u00e9curit\u00e9 de notre site web et emp\u00eacher la fraude ;<\/li><li>V\u00e9rifier le respect des conditions g\u00e9n\u00e9rales qui r\u00e9gissent l\u2019utilisation de notre site web (y compris surveiller les messages priv\u00e9s envoy\u00e9s par le biais du service de messagerie priv\u00e9 de notre site web) ; et<\/li><li>D\u2019autres utilisations.<\/li><\/ol>\n\n\n\n<p>Si vous soumettez des informations personnelles sur notre site web dans le but de les publier, nous les publierons et pourrons utiliser ces informations conform\u00e9ment aux autorisations que vous nous accordez.<\/p>\n\n\n\n<p>Vos param\u00e8tres de confidentialit\u00e9 peuvent \u00eatre utilis\u00e9s pour limiter la publication de vos informations sur notre site web et peuvent \u00eatre ajust\u00e9s dans vos param\u00e8tres de confidentialit\u00e9 sur le site web.<\/p>\n\n\n\n<p>Sans votre consentement explicite, nous ne fournirons pas vos informations personnelles \u00e0 des tierces parties pour leur marketing direct, ni celui d\u2019autres tierces parties.<\/p>\n\n\n\n<p><strong>E. Divulgation de vos informations personnelles<\/strong><\/p>\n\n\n\n<p>Nous pouvons divulguer vos informations personnelles \u00e0 n\u2019importe lequel de nos employ\u00e9s, dirigeants, assureurs, conseillers professionnels, agents, fournisseurs, ou sous-traitants dans la mesure o\u00f9 cela est raisonnablement n\u00e9cessaire aux fins \u00e9nonc\u00e9es dans cette politique.<\/p>\n\n\n\n<p>Nous pouvons divulguer vos informations personnelles \u00e0 n\u2019importe quel membre de notre groupe d\u2019entreprises (cela signifie nos filiales, notre soci\u00e9t\u00e9 holding ultime et toutes ses filiales) dans la mesure o\u00f9 cela est raisonnablement n\u00e9cessaire aux fins \u00e9nonc\u00e9es dans cette politique.<\/p>\n\n\n\n<p>Nous pouvons divulguer vos informations personnelles:<\/p>\n\n\n\n<ol class=\"wp-block-list\"><li>Dans la mesure o\u00f9 nous sommes tenus de le faire par la loi ;<\/li><li>Dans le cadre de toute proc\u00e9dure judiciaire en cours ou \u00e0 venir ;<\/li><li>Pour \u00e9tablir, exercer ou d\u00e9fendre nos droits l\u00e9gaux (y compris fournir des informations \u00e0 d\u2019autres \u00e0 des fins de pr\u00e9vention des fraudes et de r\u00e9duction des risques de cr\u00e9dit) ;<\/li><li>\u00c0 l\u2019acheteur (ou acheteur potentiel) de toute entreprise ou actif en notre possession que nous souhaitons (ou envisageons de) vendre ; et<\/li><li>\u00c0 toute personne que nous estimons raisonnablement faire partie int\u00e9grante d\u2019un tribunal ou autre autorit\u00e9 comp\u00e9tente pour la divulgation de ces informations personnelles si, selon notre opinion, un tel tribunal ou une telle autorit\u00e9 serait susceptible de demander la divulgation de ces informations personnelles.<\/li><\/ol>\n\n\n\n<p>Sauf disposition contraire de la pr\u00e9sente politique, nous ne transmettrons pas vos informations personnelles \u00e0 des tierces parties.<\/p>\n\n\n\n<p><strong>F. Transferts internationaux de donn\u00e9es<\/strong><\/p>\n\n\n\n<ol class=\"wp-block-list\"><li>Les informations que nous collectons peuvent \u00eatre stock\u00e9es, trait\u00e9es et transf\u00e9r\u00e9es dans tous les pays dans lesquels nous op\u00e9rons, afin de nous permettre d\u2019utiliser les informations en accord avec cette politique.<\/li><li>Les informations que nous collectons peuvent \u00eatre transf\u00e9r\u00e9es dans les pays suivants, n\u2019ayant pas de lois de protections des donn\u00e9es \u00e9quivalentes \u00e0 celles en vigueur dans l\u2019espace \u00e9conomique europ\u00e9en : les \u00c9tats-Unis d\u2019Am\u00e9rique, la Russie, le Japon, la Chine et l\u2019Inde.<\/li><li>Les informations personnelles que vous publiez sur notre site web ou que vous soumettez \u00e0 la publication peuvent \u00eatre disponibles, via internet, dans le monde entier. Nous ne pouvons emp\u00eacher l\u2019utilisation, bonne ou mauvaise, de ces informations par des tiers.<\/li><li>Vous acceptez express\u00e9ment le transfert d\u2019informations personnelles d\u00e9crit dans cette Section F.<\/li><\/ol>\n\n\n\n<p><strong>G. Conservation de vos informations personnelles<\/strong><\/p>\n\n\n\n<ol class=\"wp-block-list\"><li>Cette Section G d\u00e9taille nos politiques de conservation des donn\u00e9es et nos proc\u00e9dures, con\u00e7ues pour nous aider \u00e0 nous conformer \u00e0 nos obligations l\u00e9gales concernant la conservation et la suppression d\u2019informations personnelles.<\/li><li>Les informations personnelles que nous traitons \u00e0 quelque fin que ce soit ne sont pas conserv\u00e9es plus longtemps que n\u00e9cessaire \u00e0 cette fin ou \u00e0 ces fins.<\/li><li>Sans pr\u00e9judice \u00e0 l\u2019article G-2, nous supprimerons g\u00e9n\u00e9ralement les donn\u00e9es personnelles de ces cat\u00e9gories \u00e0 la date et \u00e0 l\u2019heure pr\u00e9cis\u00e9es plus bas:<ol><li>Ce type de donn\u00e9es personnelles sera supprim\u00e9 apr\u00e8s 1 an.<\/li><\/ol><\/li><li>Nonobstant les autres dispositions de cette Section G, nous conserverons des documents (y compris des documents \u00e9lectroniques) contenant des donn\u00e9es personnelles:<ol><li>Dans la mesure o\u00f9 nous sommes tenus de le faire par la loi ;<\/li><li>Si nous pensons que les documents peuvent \u00eatre pertinents pour toute proc\u00e9dure judiciaire en cours ou potentielle ; et<\/li><li>Pour \u00e9tablir, exercer ou d\u00e9fendre nos droits l\u00e9gaux (y compris fournir des informations \u00e0 d\u2019autres \u00e0 des fins de pr\u00e9vention des fraudes et de r\u00e9duction des risques de cr\u00e9dit).<\/li><\/ol><\/li><\/ol>\n\n\n\n<p><strong>H. S\u00e9curit\u00e9 de vos informations personnelles<\/strong><\/p>\n\n\n\n<ol class=\"wp-block-list\"><li>Nous prendrons des pr\u00e9cautions techniques et organisationnelles raisonnables pour emp\u00eacher la perte, l\u2019abus ou l\u2019alt\u00e9ration de vos informations personnelle.<\/li><li>Nous stockerons toutes les informations personnelles que vous nous fournissez sur des serveurs s\u00e9curis\u00e9s (prot\u00e9g\u00e9s par mot de passe et pare-feu).<\/li><li>Toutes les transactions financi\u00e8res \u00e9lectroniques effectu\u00e9es par le biais de notre site web seront prot\u00e9g\u00e9es par des technologies de cryptage.<\/li><li>Vous reconnaissez que la transmission d\u2019informations par internet est intrins\u00e8quement non s\u00e9curis\u00e9e, et que nous ne pouvons pas garantir la s\u00e9curit\u00e9 de vos donn\u00e9es envoy\u00e9es par internet.<\/li><li>Vous \u00eates responsable de la confidentialit\u00e9 du mot de passe que vous utilisez pour acc\u00e9der \u00e0 notre site web ; nous ne vous demanderons pas votre mot de passe (sauf quand vous vous identifiez sur notre site web).<\/li><\/ol>\n\n\n\n<p><strong>I. Amendements<\/strong><\/p>\n\n\n\n<p>Nous pouvons parfois mettre cette politique \u00e0 jour en publiant une nouvelle version sur notre site web. Vous devez v\u00e9rifier cette page r\u00e9guli\u00e8rement pour vous assurer de prendre connaissance de tout changement effectu\u00e9 \u00e0 cette politique. Nous pouvons vous informer des changements effectu\u00e9s \u00e0 cette politique par courrier \u00e9lectronique ou par le biais du service de messagerie priv\u00e9e de notre site web.<\/p>\n\n\n\n<p><strong>J. Vos droits<\/strong><\/p>\n\n\n\n<p>Vous pouvez nous demander de vous fournir toute information personnelle que nous d\u00e9tenons sur vous ; le transfert de telles informations sera soumis aux conditions suivantes:<\/p>\n\n\n\n<ol class=\"wp-block-list\"><li>Le r\u00e8glement de frais et<\/li><li>La pr\u00e9sentation de preuves suffisantes de votre identit\u00e9 (\u00e0 ces fins, nous acceptons en g\u00e9n\u00e9ral une photocopie de votre passeport certifi\u00e9e par notaire plus une copie originale d\u2019une facture de service public indiquant votre adresse actuelle).<\/li><\/ol>\n\n\n\n<p>Nous pouvons retenir les informations personnelles que vous demandez dans la mesure autoris\u00e9e par la loi.<\/p>\n\n\n\n<p>Vous pouvez nous demander \u00e0 tout moment de ne pas traiter vos informations personnelles \u00e0 des fins marketing.<\/p>\n\n\n\n<p>En pratique, vous exprimerez express\u00e9ment et \u00e0 l\u2019avance votre accord pour que nous utilisions vos informations personnelles \u00e0 des fins marketing ou nous vous fournirons une opportunit\u00e9 de refuser l\u2019utilisation de vos informations personnelles \u00e0 des fins marketing.<\/p>\n\n\n\n<p><strong>K. Sites web tiers<\/strong><\/p>\n\n\n\n<p>Notre site web contient des liens hypertextes menant vers des sites web tiers et des informations les concernant. Nous n\u2019avons aucun contr\u00f4le sur ces sites, et ne sommes pas responsables de leurs politiques de confidentialit\u00e9 ni de leurs pratiques.<\/p>\n\n\n\n<p><strong>L. Mise \u00e0 jour des informations<\/strong><\/p>\n\n\n\n<p>Merci de nous faire savoir si les informations personnelles que nous d\u00e9tenons \u00e0 votre sujet doivent \u00eatre corrig\u00e9es ou mises \u00e0 jour.<\/p>\n\n\n\n<p><strong>M. Cookies<\/strong><\/p>\n\n\n\n<p>Notre site web utilise des cookies. Un cookie est un fichier contenant un identifiant (une cha\u00eene de lettres et de chiffres) envoy\u00e9 par un serveur web vers un navigateur web et stock\u00e9 par le navigateur. L\u2019identifiant est alors renvoy\u00e9 au serveur \u00e0 chaque fois que le navigateur demande une page au serveur. Les cookies peuvent \u00eatre \u00ab persistants \u00bb ou \u00ab de session \u00bb : un cookie persistant est stock\u00e9 par le navigateur et reste valide jusqu\u2019\u00e0 sa date d\u2019expiration, \u00e0 moins d\u2019\u00eatre supprim\u00e9 par l\u2019utilisateur avant cette date d\u2019expiration ; quant \u00e0 un cookie de session, il expire \u00e0 la fin de la session utilisateur, lors de la fermeture du navigateur. Les cookies ne contiennent en g\u00e9n\u00e9ral aucune information permettant d\u2019identifier personnellement un utilisateur, mais les informations personnelles que nous stockons \u00e0 votre sujet peuvent \u00eatre li\u00e9es aux informations stock\u00e9es dans les cookies et obtenues par les cookies. Nous n\u2019utilisons que des cookies de session sur notre site web.<\/p>\n\n\n\n<ol class=\"wp-block-list\"><li>Les noms des cookies que nous utilisons sur notre site web et les objectifs dans lesquels nous les utilisons sont d\u00e9crits ci-dessous:<ol><li>Nous utilisons Google Analytics et Adwords sur notre site web pour : reconna\u00eetre un ordinateur lorsqu\u2019un utilisateur consulte le site web\/ suivre les utilisateurs lors de leur navigation sur le site web\/ activer l\u2019utilisation d\u2019un panier sur le site web\/ am\u00e9liorer l\u2019utilisation d\u2019un site web\/ analyser l\u2019utilisation du site web\/ administrer le site web\/ emp\u00eacher la fraude et am\u00e9liorer la s\u00e9curit\u00e9 du site web\/ personnaliser le site web pour chaque utilisateur\/ envoyer des publicit\u00e9s cibl\u00e9es pouvant int\u00e9resser certains utilisateurs (d\u00e9crivez vos autres objectifs);<\/li><\/ol><\/li><li>La plupart des navigateurs vous permettent de refuser ou d\u2019accepter les cookies. Par exemple:<ol><li>avec Internet Explorer (version 10), vous pouvez bloquer les cookies en utilisant les param\u00e8tres de remplacement de la gestion des cookies disponibles en cliquant sur \u00abOutils\u00bb, \u00abOptions internet\u00bb, \u00abConfidentialit\u00e9\u00bb puis \u00abAvanc\u00e9\u00bb;<\/li><li>avec Firefox (version 24), vous pouvez bloquer tous les cookies en cliquant sur \u00abOutils\u00bb, \u00abOptions\u00bb, \u00abConfidentialit\u00e9\u00bb puis en s\u00e9lectionnant \u00abUtiliser des param\u00e8tres personnalis\u00e9s pour l\u2019historique\u00bb depuis le menu d\u00e9roulant et en d\u00e9cochant \u00abAccepter les cookies provenant des sites\u00bb; et<\/li><li>avec Chrome (version 29), vous pouvez bloquer tous les cookies en acc\u00e9dant au menu \u00abPersonnaliser et contr\u00f4ler\u00bb puis en cliquant sur \u00abParam\u00e8tres\u00bb, \u00abMontrer les param\u00e8tres avanc\u00e9s\u00bb et \u00abParam\u00e8tres de contenu\u00bb puis en s\u00e9lectionnant \u00abEmp\u00eacher les sites de d\u00e9finir des donn\u00e9es\u00bb dans l\u2019en-t\u00eate \u00abCookies\u00bb.<\/li><\/ol><\/li><\/ol>\n\n\n\n<p>Bloquer tous les cookies aura un impact n\u00e9gatif sur l\u2019utilisation de nombreux sites web. Si vous bloquez les cookies, vous ne pourrez pas utiliser toutes les fonctionnalit\u00e9s de notre site web.<\/p>\n\n\n\n<ol class=\"wp-block-list\" start=\"3\"><li>Vous pouvez supprimer les cookies d\u00e9j\u00e0 stock\u00e9s sur votre ordinateur. Exemple:<ol><li>avec Internet Explorer (version 10), vous devez supprimer le fichier cookies manuellement (vous pourrez trouver des instructions pour le faire ici<a href=\"http:\/\/support.microsoft.com\/kb\/278835\" target=\"_blank\" rel=\"noopener\"> http:\/\/support.microsoft.com\/kb\/278835<\/a>);<\/li><li>avec Firefox (version 24), vous pouvez supprimer les cookies en cliquant sur \u00abOutils\u00bb, \u00abOptions\u00bb, et \u00abConfidentialit\u00e9\u00bb, puis en s\u00e9lectionnant \u00abUtiliser des param\u00e8tres personnalis\u00e9s pour l\u2019historique\u00bb et en cliquant sur \u00abMontrer les cookies\u00bb, puis sur \u00abSupprimer tous les cookies\u00bb; et<\/li><li>avec Chrome (version 29), vous pouvez supprimer tous les cookies en acc\u00e9dant au menu \u00abPersonnaliser et contr\u00f4ler\u00bb puis en cliquant sur \u00abParam\u00e8tres\u00bb, \u00ab Montrer les param\u00e8tres avanc\u00e9s \u00bb et \u00abSupprimer les donn\u00e9es de navigation\u00bb puis \u00abSupprimer les cookies et les donn\u00e9es des modules d\u2019autres sites\u00bb avant de cliquer sur \u00abSupprimer les donn\u00e9es de navigation\u00bb.<\/li><\/ol><\/li><li>Supprimer les cookies aura un impact n\u00e9gatif sur l\u2019utilisation de nombreux sites web.<\/li><\/ol>\n","protected":false},"excerpt":{"rendered":"<p>A. Introduction La confidentialit\u00e9 des visiteurs de notre site web est tr\u00e8s importante \u00e0 nos yeux, et nous nous engageons \u00e0 la prot\u00e9ger. Cette politique d\u00e9taille ce que nous faisons de vos informations personnelles. Consentir \u00e0 notre utilisation de cookies en accord avec cette politique lors de votre premi\u00e8re visite de notre site web nous [&hellip;]<\/p>\n","protected":false},"author":4,"featured_media":0,"parent":0,"menu_order":0,"comment_status":"closed","ping_status":"closed","template":"","meta":{"footnotes":""},"class_list":["post-111","page","type-page","status-publish","hentry"],"_links":{"self":[{"href":"https:\/\/s2r.fr\/index.php?rest_route=\/wp\/v2\/pages\/111","targetHints":{"allow":["GET"]}}],"collection":[{"href":"https:\/\/s2r.fr\/index.php?rest_route=\/wp\/v2\/pages"}],"about":[{"href":"https:\/\/s2r.fr\/index.php?rest_route=\/wp\/v2\/types\/page"}],"author":[{"embeddable":true,"href":"https:\/\/s2r.fr\/index.php?rest_route=\/wp\/v2\/users\/4"}],"replies":[{"embeddable":true,"href":"https:\/\/s2r.fr\/index.php?rest_route=%2Fwp%2Fv2%2Fcomments&post=111"}],"version-history":[{"count":0,"href":"https:\/\/s2r.fr\/index.php?rest_route=\/wp\/v2\/pages\/111\/revisions"}],"wp:attachment":[{"href":"https:\/\/s2r.fr\/index.php?rest_route=%2Fwp%2Fv2%2Fmedia&parent=111"}],"curies":[{"name":"wp","href":"https:\/\/api.w.org\/{rel}","templated":true}]}}